{"id":110,"date":"2020-10-13T17:52:06","date_gmt":"2020-10-13T17:52:06","guid":{"rendered":"http:\/\/clases-de.mx\/pe\/?page_id=110"},"modified":"2023-09-24T15:48:06","modified_gmt":"2023-09-24T15:48:06","slug":"colegios","status":"publish","type":"page","link":"https:\/\/clases-de.mx\/pe\/","title":{"rendered":"Mejores Colegios del Per\u00fa"},"content":{"rendered":"","protected":false},"excerpt":{"rendered":"","protected":false},"author":1,"featured_media":0,"parent":0,"menu_order":0,"comment_status":"closed","ping_status":"closed","template":"listado.php","meta":{"footnotes":""},"categories":[2],"tags":[],"yoast_head":"<!-- This site is optimized with the Yoast SEO plugin v22.6 - https:\/\/yoast.com\/wordpress\/plugins\/seo\/ -->\n<title>Top 100 Mejores Colegios del Per\u00fa | Ranking 2026<\/title>\n<meta name=\"description\" content=\"Conoce y compara Costos de los Mejores Colegios del Per\u00fa | P\u00fablicos Estatales y Privados Particulares | Ranking 2026\" \/>\n<meta name=\"robots\" content=\"index, follow, max-snippet:-1, max-image-preview:large, max-video-preview:-1\" \/>\n<link rel=\"canonical\" href=\"https:\/\/clases-de.mx\/pe\/\" \/>\n<meta property=\"og:locale\" content=\"es_ES\" \/>\n<meta property=\"og:type\" content=\"article\" \/>\n<meta property=\"og:title\" content=\"Top 100 Mejores Colegios del Per\u00fa | Ranking 2026\" \/>\n<meta property=\"og:description\" content=\"Conoce y compara Costos de los Mejores Colegios del Per\u00fa | P\u00fablicos Estatales y Privados Particulares | Ranking 2026\" \/>\n<meta property=\"og:url\" content=\"https:\/\/clases-de.mx\/pe\/\" \/>\n<meta property=\"og:site_name\" content=\"Mejores Colegios en Peru\" \/>\n<meta property=\"article:modified_time\" content=\"2023-09-24T15:48:06+00:00\" \/>\n<meta name=\"twitter:card\" content=\"summary_large_image\" \/>\n<script type=\"application\/ld+json\" class=\"yoast-schema-graph\">{\"@context\":\"https:\/\/schema.org\",\"@graph\":[{\"@type\":\"WebPage\",\"@id\":\"https:\/\/clases-de.mx\/pe\/\",\"url\":\"https:\/\/clases-de.mx\/pe\/\",\"name\":\"Top 100 Mejores Colegios del Per\u00fa | Ranking 2026\",\"isPartOf\":{\"@id\":\"https:\/\/clases-de.mx\/pe\/#website\"},\"datePublished\":\"2020-10-13T17:52:06+00:00\",\"dateModified\":\"2023-09-24T15:48:06+00:00\",\"description\":\"Conoce y compara Costos de los Mejores Colegios del Per\u00fa | P\u00fablicos Estatales y Privados Particulares | Ranking 2026\",\"breadcrumb\":{\"@id\":\"https:\/\/clases-de.mx\/pe\/#breadcrumb\"},\"inLanguage\":\"es\",\"potentialAction\":[{\"@type\":\"ReadAction\",\"target\":[\"https:\/\/clases-de.mx\/pe\/\"]}]},{\"@type\":\"BreadcrumbList\",\"@id\":\"https:\/\/clases-de.mx\/pe\/#breadcrumb\",\"itemListElement\":[{\"@type\":\"ListItem\",\"position\":1,\"name\":\"Home\",\"item\":\"https:\/\/clases-de.mx\/pe\/\"},{\"@type\":\"ListItem\",\"position\":2,\"name\":\"Mejores Colegios del Per\u00fa\"}]},{\"@type\":\"WebSite\",\"@id\":\"https:\/\/clases-de.mx\/pe\/#website\",\"url\":\"https:\/\/clases-de.mx\/pe\/\",\"name\":\"Mejores Colegios en Per\u00fa\",\"description\":\"Colegios en Peru\",\"publisher\":{\"@id\":\"https:\/\/clases-de.mx\/pe\/#\/schema\/person\/ea41a3eee2693cd5ada2ddec72f7bd89\"},\"alternateName\":\"Colegios en Per\u00fa\",\"potentialAction\":[{\"@type\":\"SearchAction\",\"target\":{\"@type\":\"EntryPoint\",\"urlTemplate\":\"https:\/\/clases-de.mx\/pe\/?s={search_term_string}\"},\"query-input\":\"required name=search_term_string\"}],\"inLanguage\":\"es\"},{\"@type\":[\"Person\",\"Organization\"],\"@id\":\"https:\/\/clases-de.mx\/pe\/#\/schema\/person\/ea41a3eee2693cd5ada2ddec72f7bd89\",\"name\":\"campuserovirtual\",\"image\":{\"@type\":\"ImageObject\",\"inLanguage\":\"es\",\"@id\":\"https:\/\/clases-de.mx\/pe\/#\/schema\/person\/image\/\",\"url\":\"https:\/\/secure.gravatar.com\/avatar\/40b9238fc682f0027a12ce857c40a688?s=96&d=mm&r=g\",\"contentUrl\":\"https:\/\/secure.gravatar.com\/avatar\/40b9238fc682f0027a12ce857c40a688?s=96&d=mm&r=g\",\"caption\":\"campuserovirtual\"},\"logo\":{\"@id\":\"https:\/\/clases-de.mx\/pe\/#\/schema\/person\/image\/\"},\"sameAs\":[\"https:\/\/pe.clases-de.mx\/pe\"]}]}<\/script>\n<!-- \/ Yoast SEO plugin. -->","yoast_head_json":{"title":"Top 100 Mejores Colegios del Per\u00fa | Ranking 2026","description":"Conoce y compara Costos de los Mejores Colegios del Per\u00fa | P\u00fablicos Estatales y Privados Particulares | Ranking 2026","robots":{"index":"index","follow":"follow","max-snippet":"max-snippet:-1","max-image-preview":"max-image-preview:large","max-video-preview":"max-video-preview:-1"},"canonical":"https:\/\/clases-de.mx\/pe\/","og_locale":"es_ES","og_type":"article","og_title":"Top 100 Mejores Colegios del Per\u00fa | Ranking 2026","og_description":"Conoce y compara Costos de los Mejores Colegios del Per\u00fa | P\u00fablicos Estatales y Privados Particulares | Ranking 2026","og_url":"https:\/\/clases-de.mx\/pe\/","og_site_name":"Mejores Colegios en Peru","article_modified_time":"2023-09-24T15:48:06+00:00","twitter_card":"summary_large_image","schema":{"@context":"https:\/\/schema.org","@graph":[{"@type":"WebPage","@id":"https:\/\/clases-de.mx\/pe\/","url":"https:\/\/clases-de.mx\/pe\/","name":"Top 100 Mejores Colegios del Per\u00fa | Ranking 2026","isPartOf":{"@id":"https:\/\/clases-de.mx\/pe\/#website"},"datePublished":"2020-10-13T17:52:06+00:00","dateModified":"2023-09-24T15:48:06+00:00","description":"Conoce y compara Costos de los Mejores Colegios del Per\u00fa | P\u00fablicos Estatales y Privados Particulares | Ranking 2026","breadcrumb":{"@id":"https:\/\/clases-de.mx\/pe\/#breadcrumb"},"inLanguage":"es","potentialAction":[{"@type":"ReadAction","target":["https:\/\/clases-de.mx\/pe\/"]}]},{"@type":"BreadcrumbList","@id":"https:\/\/clases-de.mx\/pe\/#breadcrumb","itemListElement":[{"@type":"ListItem","position":1,"name":"Home","item":"https:\/\/clases-de.mx\/pe\/"},{"@type":"ListItem","position":2,"name":"Mejores Colegios del Per\u00fa"}]},{"@type":"WebSite","@id":"https:\/\/clases-de.mx\/pe\/#website","url":"https:\/\/clases-de.mx\/pe\/","name":"Mejores Colegios en Per\u00fa","description":"Colegios en Peru","publisher":{"@id":"https:\/\/clases-de.mx\/pe\/#\/schema\/person\/ea41a3eee2693cd5ada2ddec72f7bd89"},"alternateName":"Colegios en Per\u00fa","potentialAction":[{"@type":"SearchAction","target":{"@type":"EntryPoint","urlTemplate":"https:\/\/clases-de.mx\/pe\/?s={search_term_string}"},"query-input":"required name=search_term_string"}],"inLanguage":"es"},{"@type":["Person","Organization"],"@id":"https:\/\/clases-de.mx\/pe\/#\/schema\/person\/ea41a3eee2693cd5ada2ddec72f7bd89","name":"campuserovirtual","image":{"@type":"ImageObject","inLanguage":"es","@id":"https:\/\/clases-de.mx\/pe\/#\/schema\/person\/image\/","url":"https:\/\/secure.gravatar.com\/avatar\/40b9238fc682f0027a12ce857c40a688?s=96&d=mm&r=g","contentUrl":"https:\/\/secure.gravatar.com\/avatar\/40b9238fc682f0027a12ce857c40a688?s=96&d=mm&r=g","caption":"campuserovirtual"},"logo":{"@id":"https:\/\/clases-de.mx\/pe\/#\/schema\/person\/image\/"},"sameAs":["https:\/\/pe.clases-de.mx\/pe"]}]}},"_links":{"self":[{"href":"https:\/\/clases-de.mx\/pe\/wp-json\/wp\/v2\/pages\/110"}],"collection":[{"href":"https:\/\/clases-de.mx\/pe\/wp-json\/wp\/v2\/pages"}],"about":[{"href":"https:\/\/clases-de.mx\/pe\/wp-json\/wp\/v2\/types\/page"}],"author":[{"embeddable":true,"href":"https:\/\/clases-de.mx\/pe\/wp-json\/wp\/v2\/users\/1"}],"replies":[{"embeddable":true,"href":"https:\/\/clases-de.mx\/pe\/wp-json\/wp\/v2\/comments?post=110"}],"version-history":[{"count":10,"href":"https:\/\/clases-de.mx\/pe\/wp-json\/wp\/v2\/pages\/110\/revisions"}],"predecessor-version":[{"id":14559,"href":"https:\/\/clases-de.mx\/pe\/wp-json\/wp\/v2\/pages\/110\/revisions\/14559"}],"wp:attachment":[{"href":"https:\/\/clases-de.mx\/pe\/wp-json\/wp\/v2\/media?parent=110"}],"wp:term":[{"taxonomy":"category","embeddable":true,"href":"https:\/\/clases-de.mx\/pe\/wp-json\/wp\/v2\/categories?post=110"},{"taxonomy":"post_tag","embeddable":true,"href":"https:\/\/clases-de.mx\/pe\/wp-json\/wp\/v2\/tags?post=110"}],"curies":[{"name":"wp","href":"https:\/\/api.w.org\/{rel}","templated":true}]}}