{"id":38,"date":"2021-04-07T21:10:08","date_gmt":"2021-04-07T21:10:08","guid":{"rendered":"https:\/\/clases-de.mx\/es\/?page_id=38"},"modified":"2023-04-16T03:54:24","modified_gmt":"2023-04-16T03:54:24","slug":"buscador-de-centros-educativos","status":"publish","type":"page","link":"https:\/\/clases-de.mx\/es\/buscador-de-centros-educativos\/","title":{"rendered":"\u00bfCu\u00e1l es el mejor colegio para tus hijos?"},"content":{"rendered":"<h2>Buscador de centros educativos en Espa\u00f1a<\/h2>\n","protected":false},"excerpt":{"rendered":"<p>Buscador de centros educativos en Espa\u00f1a<\/p>\n","protected":false},"author":1,"featured_media":0,"parent":0,"menu_order":0,"comment_status":"closed","ping_status":"closed","template":"listado.php","meta":{"footnotes":""},"categories":[],"tags":[],"yoast_head":"<!-- This site is optimized with the Yoast SEO plugin v22.6 - https:\/\/yoast.com\/wordpress\/plugins\/seo\/ -->\n<title>Buscador de colegios por ciudades: compara y encuentra el mejor - Mejores Colegios en Espa\u00f1a<\/title>\n<meta name=\"description\" content=\"Colegio Privado o p\u00fablico, con actividades extraescolares o con Biling\u00fce: la b\u00fasqueda de centro educativo para los ni\u00f1os puede ser compleja\" \/>\n<meta name=\"robots\" content=\"index, follow, max-snippet:-1, max-image-preview:large, max-video-preview:-1\" \/>\n<link rel=\"canonical\" href=\"https:\/\/clases-de.mx\/es\/buscador-de-centros-educativos\/\" \/>\n<meta property=\"og:locale\" content=\"es_ES\" \/>\n<meta property=\"og:type\" content=\"article\" \/>\n<meta property=\"og:title\" content=\"Buscador de colegios por ciudades: compara y encuentra el mejor - Mejores Colegios en Espa\u00f1a\" \/>\n<meta property=\"og:description\" content=\"Colegio Privado o p\u00fablico, con actividades extraescolares o con Biling\u00fce: la b\u00fasqueda de centro educativo para los ni\u00f1os puede ser compleja\" \/>\n<meta property=\"og:url\" content=\"https:\/\/clases-de.mx\/es\/buscador-de-centros-educativos\/\" \/>\n<meta property=\"og:site_name\" content=\"Mejores Colegios en Espa\u00f1a\" \/>\n<meta property=\"article:modified_time\" content=\"2023-04-16T03:54:24+00:00\" \/>\n<meta name=\"twitter:card\" content=\"summary_large_image\" \/>\n<meta name=\"twitter:label1\" content=\"Tiempo de lectura\" \/>\n\t<meta name=\"twitter:data1\" content=\"1 minuto\" \/>\n<script type=\"application\/ld+json\" class=\"yoast-schema-graph\">{\"@context\":\"https:\/\/schema.org\",\"@graph\":[{\"@type\":\"WebPage\",\"@id\":\"https:\/\/clases-de.mx\/es\/buscador-de-centros-educativos\/\",\"url\":\"https:\/\/clases-de.mx\/es\/buscador-de-centros-educativos\/\",\"name\":\"Buscador de colegios por ciudades: compara y encuentra el mejor - Mejores Colegios en Espa\u00f1a\",\"isPartOf\":{\"@id\":\"https:\/\/clases-de.mx\/es\/#website\"},\"datePublished\":\"2021-04-07T21:10:08+00:00\",\"dateModified\":\"2023-04-16T03:54:24+00:00\",\"description\":\"Colegio Privado o p\u00fablico, con actividades extraescolares o con Biling\u00fce: la b\u00fasqueda de centro educativo para los ni\u00f1os puede ser compleja\",\"breadcrumb\":{\"@id\":\"https:\/\/clases-de.mx\/es\/buscador-de-centros-educativos\/#breadcrumb\"},\"inLanguage\":\"es\",\"potentialAction\":[{\"@type\":\"ReadAction\",\"target\":[\"https:\/\/clases-de.mx\/es\/buscador-de-centros-educativos\/\"]}]},{\"@type\":\"BreadcrumbList\",\"@id\":\"https:\/\/clases-de.mx\/es\/buscador-de-centros-educativos\/#breadcrumb\",\"itemListElement\":[{\"@type\":\"ListItem\",\"position\":1,\"name\":\"Home\",\"item\":\"https:\/\/clases-de.mx\/es\/\"},{\"@type\":\"ListItem\",\"position\":2,\"name\":\"\u00bfCu\u00e1l es el mejor colegio para tus hijos?\"}]},{\"@type\":\"WebSite\",\"@id\":\"https:\/\/clases-de.mx\/es\/#website\",\"url\":\"https:\/\/clases-de.mx\/es\/\",\"name\":\"Mejores Colegios en Espa\u00f1a\",\"description\":\"Colegios en Espa\u00f1a\",\"publisher\":{\"@id\":\"https:\/\/clases-de.mx\/es\/#\/schema\/person\/9712e9e6108460d63c18ed0dc1acf13b\"},\"potentialAction\":[{\"@type\":\"SearchAction\",\"target\":{\"@type\":\"EntryPoint\",\"urlTemplate\":\"https:\/\/clases-de.mx\/es\/?s={search_term_string}\"},\"query-input\":\"required name=search_term_string\"}],\"inLanguage\":\"es\"},{\"@type\":[\"Person\",\"Organization\"],\"@id\":\"https:\/\/clases-de.mx\/es\/#\/schema\/person\/9712e9e6108460d63c18ed0dc1acf13b\",\"name\":\"campuserovirtual\",\"image\":{\"@type\":\"ImageObject\",\"inLanguage\":\"es\",\"@id\":\"https:\/\/clases-de.mx\/es\/#\/schema\/person\/image\/\",\"url\":\"https:\/\/secure.gravatar.com\/avatar\/40b9238fc682f0027a12ce857c40a688?s=96&d=mm&r=g\",\"contentUrl\":\"https:\/\/secure.gravatar.com\/avatar\/40b9238fc682f0027a12ce857c40a688?s=96&d=mm&r=g\",\"caption\":\"campuserovirtual\"},\"logo\":{\"@id\":\"https:\/\/clases-de.mx\/es\/#\/schema\/person\/image\/\"},\"sameAs\":[\"https:\/\/clases-de.mx\/es\"]}]}<\/script>\n<!-- \/ Yoast SEO plugin. -->","yoast_head_json":{"title":"Buscador de colegios por ciudades: compara y encuentra el mejor - Mejores Colegios en Espa\u00f1a","description":"Colegio Privado o p\u00fablico, con actividades extraescolares o con Biling\u00fce: la b\u00fasqueda de centro educativo para los ni\u00f1os puede ser compleja","robots":{"index":"index","follow":"follow","max-snippet":"max-snippet:-1","max-image-preview":"max-image-preview:large","max-video-preview":"max-video-preview:-1"},"canonical":"https:\/\/clases-de.mx\/es\/buscador-de-centros-educativos\/","og_locale":"es_ES","og_type":"article","og_title":"Buscador de colegios por ciudades: compara y encuentra el mejor - Mejores Colegios en Espa\u00f1a","og_description":"Colegio Privado o p\u00fablico, con actividades extraescolares o con Biling\u00fce: la b\u00fasqueda de centro educativo para los ni\u00f1os puede ser compleja","og_url":"https:\/\/clases-de.mx\/es\/buscador-de-centros-educativos\/","og_site_name":"Mejores Colegios en Espa\u00f1a","article_modified_time":"2023-04-16T03:54:24+00:00","twitter_card":"summary_large_image","twitter_misc":{"Tiempo de lectura":"1 minuto"},"schema":{"@context":"https:\/\/schema.org","@graph":[{"@type":"WebPage","@id":"https:\/\/clases-de.mx\/es\/buscador-de-centros-educativos\/","url":"https:\/\/clases-de.mx\/es\/buscador-de-centros-educativos\/","name":"Buscador de colegios por ciudades: compara y encuentra el mejor - Mejores Colegios en Espa\u00f1a","isPartOf":{"@id":"https:\/\/clases-de.mx\/es\/#website"},"datePublished":"2021-04-07T21:10:08+00:00","dateModified":"2023-04-16T03:54:24+00:00","description":"Colegio Privado o p\u00fablico, con actividades extraescolares o con Biling\u00fce: la b\u00fasqueda de centro educativo para los ni\u00f1os puede ser compleja","breadcrumb":{"@id":"https:\/\/clases-de.mx\/es\/buscador-de-centros-educativos\/#breadcrumb"},"inLanguage":"es","potentialAction":[{"@type":"ReadAction","target":["https:\/\/clases-de.mx\/es\/buscador-de-centros-educativos\/"]}]},{"@type":"BreadcrumbList","@id":"https:\/\/clases-de.mx\/es\/buscador-de-centros-educativos\/#breadcrumb","itemListElement":[{"@type":"ListItem","position":1,"name":"Home","item":"https:\/\/clases-de.mx\/es\/"},{"@type":"ListItem","position":2,"name":"\u00bfCu\u00e1l es el mejor colegio para tus hijos?"}]},{"@type":"WebSite","@id":"https:\/\/clases-de.mx\/es\/#website","url":"https:\/\/clases-de.mx\/es\/","name":"Mejores Colegios en Espa\u00f1a","description":"Colegios en Espa\u00f1a","publisher":{"@id":"https:\/\/clases-de.mx\/es\/#\/schema\/person\/9712e9e6108460d63c18ed0dc1acf13b"},"potentialAction":[{"@type":"SearchAction","target":{"@type":"EntryPoint","urlTemplate":"https:\/\/clases-de.mx\/es\/?s={search_term_string}"},"query-input":"required name=search_term_string"}],"inLanguage":"es"},{"@type":["Person","Organization"],"@id":"https:\/\/clases-de.mx\/es\/#\/schema\/person\/9712e9e6108460d63c18ed0dc1acf13b","name":"campuserovirtual","image":{"@type":"ImageObject","inLanguage":"es","@id":"https:\/\/clases-de.mx\/es\/#\/schema\/person\/image\/","url":"https:\/\/secure.gravatar.com\/avatar\/40b9238fc682f0027a12ce857c40a688?s=96&d=mm&r=g","contentUrl":"https:\/\/secure.gravatar.com\/avatar\/40b9238fc682f0027a12ce857c40a688?s=96&d=mm&r=g","caption":"campuserovirtual"},"logo":{"@id":"https:\/\/clases-de.mx\/es\/#\/schema\/person\/image\/"},"sameAs":["https:\/\/clases-de.mx\/es"]}]}},"_links":{"self":[{"href":"https:\/\/clases-de.mx\/es\/wp-json\/wp\/v2\/pages\/38"}],"collection":[{"href":"https:\/\/clases-de.mx\/es\/wp-json\/wp\/v2\/pages"}],"about":[{"href":"https:\/\/clases-de.mx\/es\/wp-json\/wp\/v2\/types\/page"}],"author":[{"embeddable":true,"href":"https:\/\/clases-de.mx\/es\/wp-json\/wp\/v2\/users\/1"}],"replies":[{"embeddable":true,"href":"https:\/\/clases-de.mx\/es\/wp-json\/wp\/v2\/comments?post=38"}],"version-history":[{"count":2,"href":"https:\/\/clases-de.mx\/es\/wp-json\/wp\/v2\/pages\/38\/revisions"}],"predecessor-version":[{"id":9563,"href":"https:\/\/clases-de.mx\/es\/wp-json\/wp\/v2\/pages\/38\/revisions\/9563"}],"wp:attachment":[{"href":"https:\/\/clases-de.mx\/es\/wp-json\/wp\/v2\/media?parent=38"}],"wp:term":[{"taxonomy":"category","embeddable":true,"href":"https:\/\/clases-de.mx\/es\/wp-json\/wp\/v2\/categories?post=38"},{"taxonomy":"post_tag","embeddable":true,"href":"https:\/\/clases-de.mx\/es\/wp-json\/wp\/v2\/tags?post=38"}],"curies":[{"name":"wp","href":"https:\/\/api.w.org\/{rel}","templated":true}]}}