{"id":396,"date":"2023-09-27T17:19:13","date_gmt":"2023-09-27T17:19:13","guid":{"rendered":"https:\/\/clases-de.mx\/costarica\/?page_id=396"},"modified":"2023-09-27T17:19:13","modified_gmt":"2023-09-27T17:19:13","slug":"contacto","status":"publish","type":"page","link":"https:\/\/clases-de.mx\/costarica\/contacto\/","title":{"rendered":"Contacto"},"content":{"rendered":"<p>Ponte en contacto con nosotros directamente, lo puedes hacer mandando un correo a info@clases-de.mx.<\/p>\n<p>\u00bfNecesitas m\u00e1s informaci\u00f3n?<\/p>\n<p>Tambi\u00e9n puedes llenar el siguiente formulario.<\/p>\n","protected":false},"excerpt":{"rendered":"<p>Ponte en contacto con nosotros directamente, lo puedes hacer mandando un correo a info@clases-de.mx. \u00bfNecesitas m\u00e1s informaci\u00f3n? Tambi\u00e9n puedes llenar el siguiente formulario.<\/p>\n","protected":false},"author":1,"featured_media":0,"parent":0,"menu_order":0,"comment_status":"closed","ping_status":"closed","template":"contacto.php","meta":{"footnotes":""},"categories":[],"tags":[],"yoast_head":"<!-- This site is optimized with the Yoast SEO plugin v21.2 - https:\/\/yoast.com\/wordpress\/plugins\/seo\/ -->\n<title>Contacto - Clases de Info Costa Rica<\/title>\n<meta name=\"robots\" content=\"index, follow, max-snippet:-1, max-image-preview:large, max-video-preview:-1\" \/>\n<link rel=\"canonical\" href=\"https:\/\/clases-de.mx\/costarica\/contacto\/\" \/>\n<meta property=\"og:locale\" content=\"es_ES\" \/>\n<meta property=\"og:type\" content=\"article\" \/>\n<meta property=\"og:title\" content=\"Contacto - Clases de Info Costa Rica\" \/>\n<meta property=\"og:description\" content=\"Ponte en contacto con nosotros directamente, lo puedes hacer mandando un correo a info@clases-de.mx. \u00bfNecesitas m\u00e1s informaci\u00f3n? Tambi\u00e9n puedes llenar el siguiente formulario.\" \/>\n<meta property=\"og:url\" content=\"https:\/\/clases-de.mx\/costarica\/contacto\/\" \/>\n<meta property=\"og:site_name\" content=\"Clases de Info Costa Rica\" \/>\n<meta name=\"twitter:card\" content=\"summary_large_image\" \/>\n<meta name=\"twitter:label1\" content=\"Est. reading time\" \/>\n\t<meta name=\"twitter:data1\" content=\"1 minuto\" \/>\n<script type=\"application\/ld+json\" class=\"yoast-schema-graph\">{\"@context\":\"https:\/\/schema.org\",\"@graph\":[{\"@type\":\"WebPage\",\"@id\":\"https:\/\/clases-de.mx\/costarica\/contacto\/\",\"url\":\"https:\/\/clases-de.mx\/costarica\/contacto\/\",\"name\":\"Contacto - Clases de Info Costa Rica\",\"isPartOf\":{\"@id\":\"https:\/\/clases-de.mx\/costarica\/#website\"},\"datePublished\":\"2023-09-27T17:19:13+00:00\",\"dateModified\":\"2023-09-27T17:19:13+00:00\",\"breadcrumb\":{\"@id\":\"https:\/\/clases-de.mx\/costarica\/contacto\/#breadcrumb\"},\"inLanguage\":\"es-CR\",\"potentialAction\":[{\"@type\":\"ReadAction\",\"target\":[\"https:\/\/clases-de.mx\/costarica\/contacto\/\"]}]},{\"@type\":\"BreadcrumbList\",\"@id\":\"https:\/\/clases-de.mx\/costarica\/contacto\/#breadcrumb\",\"itemListElement\":[{\"@type\":\"ListItem\",\"position\":1,\"name\":\"Portada\",\"item\":\"https:\/\/clases-de.mx\/costarica\/\"},{\"@type\":\"ListItem\",\"position\":2,\"name\":\"Contacto\"}]},{\"@type\":\"WebSite\",\"@id\":\"https:\/\/clases-de.mx\/costarica\/#website\",\"url\":\"https:\/\/clases-de.mx\/costarica\/\",\"name\":\"Clases de Info Costa Rica\",\"description\":\"Conoce los mejores negocios y servicios locales de Costa Rica. Un c\u00f3modo direcctorio que seleccionamos para ti\",\"publisher\":{\"@id\":\"https:\/\/clases-de.mx\/costarica\/#organization\"},\"alternateName\":\"Info Costa Rica\",\"potentialAction\":[{\"@type\":\"SearchAction\",\"target\":{\"@type\":\"EntryPoint\",\"urlTemplate\":\"https:\/\/clases-de.mx\/costarica\/?s={search_term_string}\"},\"query-input\":\"required name=search_term_string\"}],\"inLanguage\":\"es-CR\"},{\"@type\":\"Organization\",\"@id\":\"https:\/\/clases-de.mx\/costarica\/#organization\",\"name\":\"Clases de Info Costa Rica\",\"url\":\"https:\/\/clases-de.mx\/costarica\/\",\"logo\":{\"@type\":\"ImageObject\",\"inLanguage\":\"es-CR\",\"@id\":\"https:\/\/clases-de.mx\/costarica\/#\/schema\/logo\/image\/\",\"url\":\"https:\/\/clases-de.mx\/costarica\/wp-content\/uploads\/2023\/09\/screenshot.png\",\"contentUrl\":\"https:\/\/clases-de.mx\/costarica\/wp-content\/uploads\/2023\/09\/screenshot.png\",\"width\":494,\"height\":322,\"caption\":\"Clases de Info Costa Rica\"},\"image\":{\"@id\":\"https:\/\/clases-de.mx\/costarica\/#\/schema\/logo\/image\/\"}}]}<\/script>\n<!-- \/ Yoast SEO plugin. -->","yoast_head_json":{"title":"Contacto - Clases de Info Costa Rica","robots":{"index":"index","follow":"follow","max-snippet":"max-snippet:-1","max-image-preview":"max-image-preview:large","max-video-preview":"max-video-preview:-1"},"canonical":"https:\/\/clases-de.mx\/costarica\/contacto\/","og_locale":"es_ES","og_type":"article","og_title":"Contacto - Clases de Info Costa Rica","og_description":"Ponte en contacto con nosotros directamente, lo puedes hacer mandando un correo a info@clases-de.mx. \u00bfNecesitas m\u00e1s informaci\u00f3n? Tambi\u00e9n puedes llenar el siguiente formulario.","og_url":"https:\/\/clases-de.mx\/costarica\/contacto\/","og_site_name":"Clases de Info Costa Rica","twitter_card":"summary_large_image","twitter_misc":{"Est. reading time":"1 minuto"},"schema":{"@context":"https:\/\/schema.org","@graph":[{"@type":"WebPage","@id":"https:\/\/clases-de.mx\/costarica\/contacto\/","url":"https:\/\/clases-de.mx\/costarica\/contacto\/","name":"Contacto - Clases de Info Costa Rica","isPartOf":{"@id":"https:\/\/clases-de.mx\/costarica\/#website"},"datePublished":"2023-09-27T17:19:13+00:00","dateModified":"2023-09-27T17:19:13+00:00","breadcrumb":{"@id":"https:\/\/clases-de.mx\/costarica\/contacto\/#breadcrumb"},"inLanguage":"es-CR","potentialAction":[{"@type":"ReadAction","target":["https:\/\/clases-de.mx\/costarica\/contacto\/"]}]},{"@type":"BreadcrumbList","@id":"https:\/\/clases-de.mx\/costarica\/contacto\/#breadcrumb","itemListElement":[{"@type":"ListItem","position":1,"name":"Portada","item":"https:\/\/clases-de.mx\/costarica\/"},{"@type":"ListItem","position":2,"name":"Contacto"}]},{"@type":"WebSite","@id":"https:\/\/clases-de.mx\/costarica\/#website","url":"https:\/\/clases-de.mx\/costarica\/","name":"Clases de Info Costa Rica","description":"Conoce los mejores negocios y servicios locales de Costa Rica. Un c\u00f3modo direcctorio que seleccionamos para ti","publisher":{"@id":"https:\/\/clases-de.mx\/costarica\/#organization"},"alternateName":"Info Costa Rica","potentialAction":[{"@type":"SearchAction","target":{"@type":"EntryPoint","urlTemplate":"https:\/\/clases-de.mx\/costarica\/?s={search_term_string}"},"query-input":"required name=search_term_string"}],"inLanguage":"es-CR"},{"@type":"Organization","@id":"https:\/\/clases-de.mx\/costarica\/#organization","name":"Clases de Info Costa Rica","url":"https:\/\/clases-de.mx\/costarica\/","logo":{"@type":"ImageObject","inLanguage":"es-CR","@id":"https:\/\/clases-de.mx\/costarica\/#\/schema\/logo\/image\/","url":"https:\/\/clases-de.mx\/costarica\/wp-content\/uploads\/2023\/09\/screenshot.png","contentUrl":"https:\/\/clases-de.mx\/costarica\/wp-content\/uploads\/2023\/09\/screenshot.png","width":494,"height":322,"caption":"Clases de Info Costa Rica"},"image":{"@id":"https:\/\/clases-de.mx\/costarica\/#\/schema\/logo\/image\/"}}]}},"_links":{"self":[{"href":"https:\/\/clases-de.mx\/costarica\/wp-json\/wp\/v2\/pages\/396"}],"collection":[{"href":"https:\/\/clases-de.mx\/costarica\/wp-json\/wp\/v2\/pages"}],"about":[{"href":"https:\/\/clases-de.mx\/costarica\/wp-json\/wp\/v2\/types\/page"}],"author":[{"embeddable":true,"href":"https:\/\/clases-de.mx\/costarica\/wp-json\/wp\/v2\/users\/1"}],"replies":[{"embeddable":true,"href":"https:\/\/clases-de.mx\/costarica\/wp-json\/wp\/v2\/comments?post=396"}],"version-history":[{"count":1,"href":"https:\/\/clases-de.mx\/costarica\/wp-json\/wp\/v2\/pages\/396\/revisions"}],"predecessor-version":[{"id":397,"href":"https:\/\/clases-de.mx\/costarica\/wp-json\/wp\/v2\/pages\/396\/revisions\/397"}],"wp:attachment":[{"href":"https:\/\/clases-de.mx\/costarica\/wp-json\/wp\/v2\/media?parent=396"}],"wp:term":[{"taxonomy":"category","embeddable":true,"href":"https:\/\/clases-de.mx\/costarica\/wp-json\/wp\/v2\/categories?post=396"},{"taxonomy":"post_tag","embeddable":true,"href":"https:\/\/clases-de.mx\/costarica\/wp-json\/wp\/v2\/tags?post=396"}],"curies":[{"name":"wp","href":"https:\/\/api.w.org\/{rel}","templated":true}]}}