{"id":384,"date":"2023-09-27T16:57:26","date_gmt":"2023-09-27T16:57:26","guid":{"rendered":"https:\/\/clases-de.mx\/costarica\/?page_id=384"},"modified":"2023-09-27T17:11:14","modified_gmt":"2023-09-27T17:11:14","slug":"mejores-colegios-en-costa-rica","status":"publish","type":"page","link":"https:\/\/clases-de.mx\/costarica\/mejores-colegios-en-costa-rica\/","title":{"rendered":"Mejores Colegios en Costa Rica"},"content":{"rendered":"<h2>Mejores Escuelas Privadas y P\u00fablicas<\/h2>\n","protected":false},"excerpt":{"rendered":"<p>Mejores Escuelas Privadas y P\u00fablicas<\/p>\n","protected":false},"author":1,"featured_media":0,"parent":0,"menu_order":0,"comment_status":"closed","ping_status":"closed","template":"listado.php","meta":{"footnotes":""},"categories":[],"tags":[],"yoast_head":"<!-- This site is optimized with the Yoast SEO plugin v21.2 - https:\/\/yoast.com\/wordpress\/plugins\/seo\/ -->\n<title>Los Mejores Colegios en Costa Rica - Liceos Privados y P\u00fablicos 2026<\/title>\n<meta name=\"description\" content=\"Descubre la lista de los Mejores Colegios en Costa Rica en 2026 - Escuelas p\u00fablicas y privadas con costo de matr\u00edcula * Obt\u00e9n tel\u00e9fono y direcci\u00f3n\" \/>\n<meta name=\"robots\" content=\"index, follow, max-snippet:-1, max-image-preview:large, max-video-preview:-1\" \/>\n<link rel=\"canonical\" href=\"https:\/\/clases-de.mx\/costarica\/mejores-colegios-en-costa-rica\/\" \/>\n<meta property=\"og:locale\" content=\"es_ES\" \/>\n<meta property=\"og:type\" content=\"article\" \/>\n<meta property=\"og:title\" content=\"Los Mejores Colegios en Costa Rica - Liceos Privados y P\u00fablicos 2026\" \/>\n<meta property=\"og:description\" content=\"Descubre la lista de los Mejores Colegios en Costa Rica en 2026 - Escuelas p\u00fablicas y privadas con costo de matr\u00edcula * Obt\u00e9n tel\u00e9fono y direcci\u00f3n\" \/>\n<meta property=\"og:url\" content=\"https:\/\/clases-de.mx\/costarica\/mejores-colegios-en-costa-rica\/\" \/>\n<meta property=\"og:site_name\" content=\"Clases de Info Costa Rica\" \/>\n<meta property=\"article:modified_time\" content=\"2023-09-27T17:11:14+00:00\" \/>\n<meta name=\"twitter:card\" content=\"summary_large_image\" \/>\n<meta name=\"twitter:label1\" content=\"Est. reading time\" \/>\n\t<meta name=\"twitter:data1\" content=\"1 minuto\" \/>\n<script type=\"application\/ld+json\" class=\"yoast-schema-graph\">{\"@context\":\"https:\/\/schema.org\",\"@graph\":[{\"@type\":\"WebPage\",\"@id\":\"https:\/\/clases-de.mx\/costarica\/mejores-colegios-en-costa-rica\/\",\"url\":\"https:\/\/clases-de.mx\/costarica\/mejores-colegios-en-costa-rica\/\",\"name\":\"Los Mejores Colegios en Costa Rica - Liceos Privados y P\u00fablicos 2026\",\"isPartOf\":{\"@id\":\"https:\/\/clases-de.mx\/costarica\/#website\"},\"datePublished\":\"2023-09-27T16:57:26+00:00\",\"dateModified\":\"2023-09-27T17:11:14+00:00\",\"description\":\"Descubre la lista de los Mejores Colegios en Costa Rica en 2026 - Escuelas p\u00fablicas y privadas con costo de matr\u00edcula * Obt\u00e9n tel\u00e9fono y direcci\u00f3n\",\"breadcrumb\":{\"@id\":\"https:\/\/clases-de.mx\/costarica\/mejores-colegios-en-costa-rica\/#breadcrumb\"},\"inLanguage\":\"es-CR\",\"potentialAction\":[{\"@type\":\"ReadAction\",\"target\":[\"https:\/\/clases-de.mx\/costarica\/mejores-colegios-en-costa-rica\/\"]}]},{\"@type\":\"BreadcrumbList\",\"@id\":\"https:\/\/clases-de.mx\/costarica\/mejores-colegios-en-costa-rica\/#breadcrumb\",\"itemListElement\":[{\"@type\":\"ListItem\",\"position\":1,\"name\":\"Portada\",\"item\":\"https:\/\/clases-de.mx\/costarica\/\"},{\"@type\":\"ListItem\",\"position\":2,\"name\":\"Mejores Colegios en Costa Rica\"}]},{\"@type\":\"WebSite\",\"@id\":\"https:\/\/clases-de.mx\/costarica\/#website\",\"url\":\"https:\/\/clases-de.mx\/costarica\/\",\"name\":\"Clases de Info Costa Rica\",\"description\":\"Conoce los mejores negocios y servicios locales de Costa Rica. Un c\u00f3modo direcctorio que seleccionamos para ti\",\"publisher\":{\"@id\":\"https:\/\/clases-de.mx\/costarica\/#organization\"},\"alternateName\":\"Info Costa Rica\",\"potentialAction\":[{\"@type\":\"SearchAction\",\"target\":{\"@type\":\"EntryPoint\",\"urlTemplate\":\"https:\/\/clases-de.mx\/costarica\/?s={search_term_string}\"},\"query-input\":\"required name=search_term_string\"}],\"inLanguage\":\"es-CR\"},{\"@type\":\"Organization\",\"@id\":\"https:\/\/clases-de.mx\/costarica\/#organization\",\"name\":\"Clases de Info Costa Rica\",\"url\":\"https:\/\/clases-de.mx\/costarica\/\",\"logo\":{\"@type\":\"ImageObject\",\"inLanguage\":\"es-CR\",\"@id\":\"https:\/\/clases-de.mx\/costarica\/#\/schema\/logo\/image\/\",\"url\":\"https:\/\/clases-de.mx\/costarica\/wp-content\/uploads\/2023\/09\/screenshot.png\",\"contentUrl\":\"https:\/\/clases-de.mx\/costarica\/wp-content\/uploads\/2023\/09\/screenshot.png\",\"width\":494,\"height\":322,\"caption\":\"Clases de Info Costa Rica\"},\"image\":{\"@id\":\"https:\/\/clases-de.mx\/costarica\/#\/schema\/logo\/image\/\"}}]}<\/script>\n<!-- \/ Yoast SEO plugin. -->","yoast_head_json":{"title":"Los Mejores Colegios en Costa Rica - Liceos Privados y P\u00fablicos 2026","description":"Descubre la lista de los Mejores Colegios en Costa Rica en 2026 - Escuelas p\u00fablicas y privadas con costo de matr\u00edcula * Obt\u00e9n tel\u00e9fono y direcci\u00f3n","robots":{"index":"index","follow":"follow","max-snippet":"max-snippet:-1","max-image-preview":"max-image-preview:large","max-video-preview":"max-video-preview:-1"},"canonical":"https:\/\/clases-de.mx\/costarica\/mejores-colegios-en-costa-rica\/","og_locale":"es_ES","og_type":"article","og_title":"Los Mejores Colegios en Costa Rica - Liceos Privados y P\u00fablicos 2026","og_description":"Descubre la lista de los Mejores Colegios en Costa Rica en 2026 - Escuelas p\u00fablicas y privadas con costo de matr\u00edcula * Obt\u00e9n tel\u00e9fono y direcci\u00f3n","og_url":"https:\/\/clases-de.mx\/costarica\/mejores-colegios-en-costa-rica\/","og_site_name":"Clases de Info Costa Rica","article_modified_time":"2023-09-27T17:11:14+00:00","twitter_card":"summary_large_image","twitter_misc":{"Est. reading time":"1 minuto"},"schema":{"@context":"https:\/\/schema.org","@graph":[{"@type":"WebPage","@id":"https:\/\/clases-de.mx\/costarica\/mejores-colegios-en-costa-rica\/","url":"https:\/\/clases-de.mx\/costarica\/mejores-colegios-en-costa-rica\/","name":"Los Mejores Colegios en Costa Rica - Liceos Privados y P\u00fablicos 2026","isPartOf":{"@id":"https:\/\/clases-de.mx\/costarica\/#website"},"datePublished":"2023-09-27T16:57:26+00:00","dateModified":"2023-09-27T17:11:14+00:00","description":"Descubre la lista de los Mejores Colegios en Costa Rica en 2026 - Escuelas p\u00fablicas y privadas con costo de matr\u00edcula * Obt\u00e9n tel\u00e9fono y direcci\u00f3n","breadcrumb":{"@id":"https:\/\/clases-de.mx\/costarica\/mejores-colegios-en-costa-rica\/#breadcrumb"},"inLanguage":"es-CR","potentialAction":[{"@type":"ReadAction","target":["https:\/\/clases-de.mx\/costarica\/mejores-colegios-en-costa-rica\/"]}]},{"@type":"BreadcrumbList","@id":"https:\/\/clases-de.mx\/costarica\/mejores-colegios-en-costa-rica\/#breadcrumb","itemListElement":[{"@type":"ListItem","position":1,"name":"Portada","item":"https:\/\/clases-de.mx\/costarica\/"},{"@type":"ListItem","position":2,"name":"Mejores Colegios en Costa Rica"}]},{"@type":"WebSite","@id":"https:\/\/clases-de.mx\/costarica\/#website","url":"https:\/\/clases-de.mx\/costarica\/","name":"Clases de Info Costa Rica","description":"Conoce los mejores negocios y servicios locales de Costa Rica. Un c\u00f3modo direcctorio que seleccionamos para ti","publisher":{"@id":"https:\/\/clases-de.mx\/costarica\/#organization"},"alternateName":"Info Costa Rica","potentialAction":[{"@type":"SearchAction","target":{"@type":"EntryPoint","urlTemplate":"https:\/\/clases-de.mx\/costarica\/?s={search_term_string}"},"query-input":"required name=search_term_string"}],"inLanguage":"es-CR"},{"@type":"Organization","@id":"https:\/\/clases-de.mx\/costarica\/#organization","name":"Clases de Info Costa Rica","url":"https:\/\/clases-de.mx\/costarica\/","logo":{"@type":"ImageObject","inLanguage":"es-CR","@id":"https:\/\/clases-de.mx\/costarica\/#\/schema\/logo\/image\/","url":"https:\/\/clases-de.mx\/costarica\/wp-content\/uploads\/2023\/09\/screenshot.png","contentUrl":"https:\/\/clases-de.mx\/costarica\/wp-content\/uploads\/2023\/09\/screenshot.png","width":494,"height":322,"caption":"Clases de Info Costa Rica"},"image":{"@id":"https:\/\/clases-de.mx\/costarica\/#\/schema\/logo\/image\/"}}]}},"_links":{"self":[{"href":"https:\/\/clases-de.mx\/costarica\/wp-json\/wp\/v2\/pages\/384"}],"collection":[{"href":"https:\/\/clases-de.mx\/costarica\/wp-json\/wp\/v2\/pages"}],"about":[{"href":"https:\/\/clases-de.mx\/costarica\/wp-json\/wp\/v2\/types\/page"}],"author":[{"embeddable":true,"href":"https:\/\/clases-de.mx\/costarica\/wp-json\/wp\/v2\/users\/1"}],"replies":[{"embeddable":true,"href":"https:\/\/clases-de.mx\/costarica\/wp-json\/wp\/v2\/comments?post=384"}],"version-history":[{"count":2,"href":"https:\/\/clases-de.mx\/costarica\/wp-json\/wp\/v2\/pages\/384\/revisions"}],"predecessor-version":[{"id":386,"href":"https:\/\/clases-de.mx\/costarica\/wp-json\/wp\/v2\/pages\/384\/revisions\/386"}],"wp:attachment":[{"href":"https:\/\/clases-de.mx\/costarica\/wp-json\/wp\/v2\/media?parent=384"}],"wp:term":[{"taxonomy":"category","embeddable":true,"href":"https:\/\/clases-de.mx\/costarica\/wp-json\/wp\/v2\/categories?post=384"},{"taxonomy":"post_tag","embeddable":true,"href":"https:\/\/clases-de.mx\/costarica\/wp-json\/wp\/v2\/tags?post=384"}],"curies":[{"name":"wp","href":"https:\/\/api.w.org\/{rel}","templated":true}]}}