{"id":3,"date":"2023-09-25T18:22:53","date_gmt":"2023-09-25T16:22:53","guid":{"rendered":"https:\/\/countries.clases-de.mx\/costarica\/?page_id=3"},"modified":"2023-09-27T17:16:38","modified_gmt":"2023-09-27T17:16:38","slug":"politica-privacidad","status":"publish","type":"page","link":"https:\/\/clases-de.mx\/costarica\/politica-privacidad\/","title":{"rendered":"Pol\u00edtica de privacidad"},"content":{"rendered":"\r\n<p><span style=\"font-weight: 400;\"><strong>Clases-de.mx<\/strong> es el responsable total del uso y protecci\u00f3n de sus datos personales, y al respecto le informamos lo siguiente.<\/span><\/p>\r\n<p><span style=\"font-weight: 400;\">La presente <strong>Pol\u00edtica de Privacidad<\/strong> pone a su disposici\u00f3n los t\u00e9rminos en que <strong>clases-de.mx<\/strong> hace uso y protege de la informaci\u00f3n que sus usuarios les facilita al momento de consumar este servicio.<\/span><\/p>\r\n<p><span style=\"font-weight: 400;\">Esta web se compromete a ponerle seguridad a los datos de sus usuarios. Cuando llena y manda un formulario con datos personales esto lo hacemos para poder identificarlo, por lo tanto, nos aseguramos de que esa informaci\u00f3n se use de acuerdo a nuestros t\u00e9rminos de este sitio.\u00a0<\/span><\/p>\r\n<p><span style=\"font-weight: 400;\">Es importante que sepas que esta Pol\u00edtica de Privacidad puede llegar a ser actualizada sin ning\u00fan previo aviso. Por lo que le recomendamos que revise cont\u00ednuamente este apartado para que te asegures de aceptar los cambios que se hayan realizado.<\/span><\/p>\r\n<p><span style=\"font-weight: 400;\">La informaci\u00f3n obtenida ser\u00e1 usada de acuerdo con la Ley de Protecci\u00f3n de Datos Personales en Posesi\u00f3n de los Particulares y con su respectivo Reglamento.<\/span><\/p>\r\n<h2 class=\"wp-block-heading\"><b>Informaci\u00f3n recabado<\/b><\/h2>\r\n<p><span style=\"font-weight: 400;\">Este sitio web puede recoger informaci\u00f3n personal, por ejemplo: nombre, correo electr\u00f3nico, n\u00famero de tel\u00e9fono, apellido y direcci\u00f3n. Pero, s\u00f3lo suceder\u00e1 cuando el usuario quiera obtener m\u00e1s informaci\u00f3n sobre nuestros servicios o suscripciones para newsletters, entre otros.<\/span><\/p>\r\n<p><span style=\"font-weight: 400;\">Los usuarios tienen la opci\u00f3n de no mandar su nombre cuando piden m\u00e1s informaci\u00f3n, para suscribir, recibir notificaciones o informaci\u00f3n de los nuevos art\u00edculos publicados es necesario el correo electr\u00f3nico.<\/span><\/p>\r\n<h2><b>Uso de los datos personales<\/b><\/h2>\r\n<p><span style=\"font-weight: 400;\">Los datos personales que obtenemos de nuestros usuarios, los usaremos para los siguientes casos; los consideramos necesarios para los servicios que solicita:<\/span><\/p>\r\n<p><span style=\"font-weight: 400;\">Sintetizamos la procedencia de nuestros usuarios para ofrecerles los productos o servicios disponibles o cercanos a ellos.<\/span><\/p>\r\n<p><span style=\"font-weight: 400;\">Para ofrecerle una mejor atenci\u00f3n usaremos su informaci\u00f3n personal, le informamos que no es necesario, ser\u00e1 adicional y nos permitir\u00e1:<\/span><\/p>\r\n<p><span style=\"font-weight: 400;\">Analizar las acciones que hace cuando navega en nuestro sitio web.<\/span><\/p>\r\n<p><span style=\"font-weight: 400;\">Le mostraremos anuncios m\u00e1s importantes.<\/span><\/p>\r\n<p><span style=\"font-weight: 400;\">Tendr\u00e1 derecho a confirmar si quiere que su informaci\u00f3n personal se comparta con terceros para obtener mejores ofertas y servicios. En dado caso de que no quiera que hagamos esta acci\u00f3n, usted puede mandarnos su opini\u00f3n a nuestro correo <strong>info@clases-de.mx<\/strong><\/span><span style=\"font-weight: 400;\">\u00a0para dar de baja sus datos. Considera seguir usando nuestros servicios de forma normal sin importar que no usemos sus datos para los fines anteriores.<\/span><\/p>\r\n<h2><b>Uso de la informaci\u00f3n obtenida<\/b><\/h2>\r\n<p><span style=\"font-weight: 400;\">Nos comprometimos a emplear la informaci\u00f3n obtenida para proporcionar el mejor servicio posible, mejoraremos la experiencia del usuario. Nuestro sitio web se compromete a mantener y hacer uso de su informaci\u00f3n de la manera m\u00e1s segura. Se implementan nuevos m\u00e9todos de encriptaci\u00f3n para los datos, de esta forma evitamos el acceso no autorizado.<\/span><\/p>\r\n<h2><b>Las Cookies<\/b><\/h2>\r\n<p><span style=\"font-weight: 400;\">Es importante que sepa que las cookies son archivos de texto creados en tu dispositivo al usar un producto o servicio, pero con una previa autorizaci\u00f3n; Al aceptarlo se almacena en tu dispositivo para entonces poder obtener informaci\u00f3n respecto al tr\u00e1fico de la web o analizar las acciones de los usuarios y entre otros. Lo importante, por medio de este archivo se permite identificar a cada uno de los visitantes en la web, de esta forma, se puede brindar un mejor servicio.<\/span><\/p>\r\n<p><span style=\"font-weight: 400;\">Este sitio usa las cookies con el fin de ver las p\u00e1ginas que son m\u00e1s visitadas y cu\u00e1les son sus frecuencias. Los datos obtenidos son analizados estad\u00edsticamente y despu\u00e9s se eliminan. Usted puede eliminar las cookies en cualquier momento en su dispositivo, tiene tambi\u00e9n la opci\u00f3n de aceptar o no el uso de las cookies, pero, hay p\u00e1ginas web que autom\u00e1ticamente las aceptan para mejorar la experiencia y el servicio que ofrece. Las configuraciones de su dispositivo lo puede configurar para denegar todas las cookies posibles, pero puede que los servicios no funcionen correctamente.<\/span><\/p>\r\n<p><span style=\"font-weight: 400;\">Algunos proveedores, incluido Google, crean cookies para ofrecer anuncios que son relevantes para cada usuario.<\/span><\/p>\r\n<p><span style=\"font-weight: 400;\">El uso de estos archivos permite a Google y a sus partners mostrar anuncios basados en las b\u00fasquedas o visitas realizadas por los internautas a sus webs o en otras partes del internet.<\/span><\/p>\r\n<p><span style=\"font-weight: 400;\">T\u00fa como usuario puedes inhabilitar la publicidad personalizada. Para ello, debe acceder a configuraci\u00f3n de anuncios. Tambi\u00e9n, si no quieres que otros terceros proveedores usen las cookies para las publicidades personalizadas deber\u00e1 entrar a www.aboutads.info. De esta forma, damos a entender que nuestro sitio usa a los proveedores externos con certificaci\u00f3n Ad Manager para publicar anuncios (puedes ver al final de este documento).<\/span><\/p>\r\n<p><span style=\"font-weight: 400;\">Si quieres saber m\u00e1s sobre el uso detallado, ve a la <\/span><a href=\"https:\/\/clases-de.mx\/costarica\/politica-de-cookies\/\"><b>Pol\u00edtica de Cookies<\/b><\/a><span style=\"font-weight: 400;\">.<\/span><\/p>\r\n<h2><b>Enlaces a Terceros<\/b><\/h2>\r\n<p><span style=\"font-weight: 400;\">Nuestro sitio puede estar enlazada a otros sitios web que puedan ser de tu inter\u00e9s. Cuando usted haga click en dicho enlace, abandona nuestros servicios, de tal forma, que no nos hacemos responsables del uso de sus datos porque no tenemos el control sobre ese sitio web tercero, debe leer los t\u00e9rminos y condiciones porque son distintos a los nuestros, y usted ser\u00e1 el encargado de aceptarlo o no.\u00a0<\/span><\/p>\r\n<p><span style=\"font-weight: 400;\">Nuestro portal utiliza\u00a0 sus datos personales que son compartidos dentro y fuera del pa\u00eds con empresas, personas, organizaciones y autoridades diferentes a nosotros, con la finalidad de:<\/span><\/p>\r\n<p><span style=\"font-weight: 400;\">Google: Mostrar anuncios m\u00e1s importantes para sus usuarios<\/span><\/p>\r\n<p><span style=\"font-weight: 400;\">Google Analytics: Analizar la procedencia de los usuarios y sus acciones<\/span><\/p>\r\n<p><span style=\"font-weight: 400;\">Para conseguir esto, es importante su consentimiento. Si usted no indica nada negativo al transferir sus datos con terceros, entendemos que ha aceptado las condiciones propuestas.<\/span><\/p>\r\n<p><span style=\"font-weight: 400;\">Cualquier duda o pregunta nos puede contactar a trav\u00e9s de: <strong>info@clases-de.mx<\/strong><\/span><\/p>\r\n","protected":false},"excerpt":{"rendered":"<p>Clases-de.mx es el responsable total del uso y protecci\u00f3n de sus datos personales, y al respecto le informamos lo siguiente. La presente Pol\u00edtica de Privacidad pone a su disposici\u00f3n los t\u00e9rminos en que clases-de.mx hace uso y protege de la informaci\u00f3n que sus usuarios les facilita al momento de consumar este servicio. Esta web se [&hellip;]<\/p>\n","protected":false},"author":1,"featured_media":0,"parent":0,"menu_order":0,"comment_status":"closed","ping_status":"closed","template":"","meta":{"footnotes":""},"categories":[],"tags":[],"yoast_head":"<!-- This site is optimized with the Yoast SEO plugin v21.2 - https:\/\/yoast.com\/wordpress\/plugins\/seo\/ -->\n<title>Pol\u00edtica de privacidad - Clases de Info Costa Rica<\/title>\n<meta name=\"robots\" content=\"index, follow, max-snippet:-1, max-image-preview:large, max-video-preview:-1\" \/>\n<link rel=\"canonical\" href=\"https:\/\/clases-de.mx\/costarica\/politica-privacidad\/\" \/>\n<meta property=\"og:locale\" content=\"es_ES\" \/>\n<meta property=\"og:type\" content=\"article\" \/>\n<meta property=\"og:title\" content=\"Pol\u00edtica de privacidad - Clases de Info Costa Rica\" \/>\n<meta property=\"og:description\" content=\"Clases-de.mx es el responsable total del uso y protecci\u00f3n de sus datos personales, y al respecto le informamos lo siguiente. La presente Pol\u00edtica de Privacidad pone a su disposici\u00f3n los t\u00e9rminos en que clases-de.mx hace uso y protege de la informaci\u00f3n que sus usuarios les facilita al momento de consumar este servicio. Esta web se [&hellip;]\" \/>\n<meta property=\"og:url\" content=\"https:\/\/clases-de.mx\/costarica\/politica-privacidad\/\" \/>\n<meta property=\"og:site_name\" content=\"Clases de Info Costa Rica\" \/>\n<meta property=\"article:modified_time\" content=\"2023-09-27T17:16:38+00:00\" \/>\n<meta name=\"twitter:card\" content=\"summary_large_image\" \/>\n<meta name=\"twitter:label1\" content=\"Est. reading time\" \/>\n\t<meta name=\"twitter:data1\" content=\"5 minutos\" \/>\n<script type=\"application\/ld+json\" class=\"yoast-schema-graph\">{\"@context\":\"https:\/\/schema.org\",\"@graph\":[{\"@type\":\"WebPage\",\"@id\":\"https:\/\/clases-de.mx\/costarica\/politica-privacidad\/\",\"url\":\"https:\/\/clases-de.mx\/costarica\/politica-privacidad\/\",\"name\":\"Pol\u00edtica de privacidad - Clases de Info Costa Rica\",\"isPartOf\":{\"@id\":\"https:\/\/clases-de.mx\/costarica\/#website\"},\"datePublished\":\"2023-09-25T16:22:53+00:00\",\"dateModified\":\"2023-09-27T17:16:38+00:00\",\"breadcrumb\":{\"@id\":\"https:\/\/clases-de.mx\/costarica\/politica-privacidad\/#breadcrumb\"},\"inLanguage\":\"es-CR\",\"potentialAction\":[{\"@type\":\"ReadAction\",\"target\":[\"https:\/\/clases-de.mx\/costarica\/politica-privacidad\/\"]}]},{\"@type\":\"BreadcrumbList\",\"@id\":\"https:\/\/clases-de.mx\/costarica\/politica-privacidad\/#breadcrumb\",\"itemListElement\":[{\"@type\":\"ListItem\",\"position\":1,\"name\":\"Portada\",\"item\":\"https:\/\/clases-de.mx\/costarica\/\"},{\"@type\":\"ListItem\",\"position\":2,\"name\":\"Pol\u00edtica de privacidad\"}]},{\"@type\":\"WebSite\",\"@id\":\"https:\/\/clases-de.mx\/costarica\/#website\",\"url\":\"https:\/\/clases-de.mx\/costarica\/\",\"name\":\"Clases de Info Costa Rica\",\"description\":\"Conoce los mejores negocios y servicios locales de Costa Rica. Un c\u00f3modo direcctorio que seleccionamos para ti\",\"publisher\":{\"@id\":\"https:\/\/clases-de.mx\/costarica\/#organization\"},\"alternateName\":\"Info Costa Rica\",\"potentialAction\":[{\"@type\":\"SearchAction\",\"target\":{\"@type\":\"EntryPoint\",\"urlTemplate\":\"https:\/\/clases-de.mx\/costarica\/?s={search_term_string}\"},\"query-input\":\"required name=search_term_string\"}],\"inLanguage\":\"es-CR\"},{\"@type\":\"Organization\",\"@id\":\"https:\/\/clases-de.mx\/costarica\/#organization\",\"name\":\"Clases de Info Costa Rica\",\"url\":\"https:\/\/clases-de.mx\/costarica\/\",\"logo\":{\"@type\":\"ImageObject\",\"inLanguage\":\"es-CR\",\"@id\":\"https:\/\/clases-de.mx\/costarica\/#\/schema\/logo\/image\/\",\"url\":\"https:\/\/clases-de.mx\/costarica\/wp-content\/uploads\/2023\/09\/screenshot.png\",\"contentUrl\":\"https:\/\/clases-de.mx\/costarica\/wp-content\/uploads\/2023\/09\/screenshot.png\",\"width\":494,\"height\":322,\"caption\":\"Clases de Info Costa Rica\"},\"image\":{\"@id\":\"https:\/\/clases-de.mx\/costarica\/#\/schema\/logo\/image\/\"}}]}<\/script>\n<!-- \/ Yoast SEO plugin. -->","yoast_head_json":{"title":"Pol\u00edtica de privacidad - Clases de Info Costa Rica","robots":{"index":"index","follow":"follow","max-snippet":"max-snippet:-1","max-image-preview":"max-image-preview:large","max-video-preview":"max-video-preview:-1"},"canonical":"https:\/\/clases-de.mx\/costarica\/politica-privacidad\/","og_locale":"es_ES","og_type":"article","og_title":"Pol\u00edtica de privacidad - Clases de Info Costa Rica","og_description":"Clases-de.mx es el responsable total del uso y protecci\u00f3n de sus datos personales, y al respecto le informamos lo siguiente. La presente Pol\u00edtica de Privacidad pone a su disposici\u00f3n los t\u00e9rminos en que clases-de.mx hace uso y protege de la informaci\u00f3n que sus usuarios les facilita al momento de consumar este servicio. Esta web se [&hellip;]","og_url":"https:\/\/clases-de.mx\/costarica\/politica-privacidad\/","og_site_name":"Clases de Info Costa Rica","article_modified_time":"2023-09-27T17:16:38+00:00","twitter_card":"summary_large_image","twitter_misc":{"Est. reading time":"5 minutos"},"schema":{"@context":"https:\/\/schema.org","@graph":[{"@type":"WebPage","@id":"https:\/\/clases-de.mx\/costarica\/politica-privacidad\/","url":"https:\/\/clases-de.mx\/costarica\/politica-privacidad\/","name":"Pol\u00edtica de privacidad - Clases de Info Costa Rica","isPartOf":{"@id":"https:\/\/clases-de.mx\/costarica\/#website"},"datePublished":"2023-09-25T16:22:53+00:00","dateModified":"2023-09-27T17:16:38+00:00","breadcrumb":{"@id":"https:\/\/clases-de.mx\/costarica\/politica-privacidad\/#breadcrumb"},"inLanguage":"es-CR","potentialAction":[{"@type":"ReadAction","target":["https:\/\/clases-de.mx\/costarica\/politica-privacidad\/"]}]},{"@type":"BreadcrumbList","@id":"https:\/\/clases-de.mx\/costarica\/politica-privacidad\/#breadcrumb","itemListElement":[{"@type":"ListItem","position":1,"name":"Portada","item":"https:\/\/clases-de.mx\/costarica\/"},{"@type":"ListItem","position":2,"name":"Pol\u00edtica de privacidad"}]},{"@type":"WebSite","@id":"https:\/\/clases-de.mx\/costarica\/#website","url":"https:\/\/clases-de.mx\/costarica\/","name":"Clases de Info Costa Rica","description":"Conoce los mejores negocios y servicios locales de Costa Rica. Un c\u00f3modo direcctorio que seleccionamos para ti","publisher":{"@id":"https:\/\/clases-de.mx\/costarica\/#organization"},"alternateName":"Info Costa Rica","potentialAction":[{"@type":"SearchAction","target":{"@type":"EntryPoint","urlTemplate":"https:\/\/clases-de.mx\/costarica\/?s={search_term_string}"},"query-input":"required name=search_term_string"}],"inLanguage":"es-CR"},{"@type":"Organization","@id":"https:\/\/clases-de.mx\/costarica\/#organization","name":"Clases de Info Costa Rica","url":"https:\/\/clases-de.mx\/costarica\/","logo":{"@type":"ImageObject","inLanguage":"es-CR","@id":"https:\/\/clases-de.mx\/costarica\/#\/schema\/logo\/image\/","url":"https:\/\/clases-de.mx\/costarica\/wp-content\/uploads\/2023\/09\/screenshot.png","contentUrl":"https:\/\/clases-de.mx\/costarica\/wp-content\/uploads\/2023\/09\/screenshot.png","width":494,"height":322,"caption":"Clases de Info Costa Rica"},"image":{"@id":"https:\/\/clases-de.mx\/costarica\/#\/schema\/logo\/image\/"}}]}},"_links":{"self":[{"href":"https:\/\/clases-de.mx\/costarica\/wp-json\/wp\/v2\/pages\/3"}],"collection":[{"href":"https:\/\/clases-de.mx\/costarica\/wp-json\/wp\/v2\/pages"}],"about":[{"href":"https:\/\/clases-de.mx\/costarica\/wp-json\/wp\/v2\/types\/page"}],"author":[{"embeddable":true,"href":"https:\/\/clases-de.mx\/costarica\/wp-json\/wp\/v2\/users\/1"}],"replies":[{"embeddable":true,"href":"https:\/\/clases-de.mx\/costarica\/wp-json\/wp\/v2\/comments?post=3"}],"version-history":[{"count":3,"href":"https:\/\/clases-de.mx\/costarica\/wp-json\/wp\/v2\/pages\/3\/revisions"}],"predecessor-version":[{"id":389,"href":"https:\/\/clases-de.mx\/costarica\/wp-json\/wp\/v2\/pages\/3\/revisions\/389"}],"wp:attachment":[{"href":"https:\/\/clases-de.mx\/costarica\/wp-json\/wp\/v2\/media?parent=3"}],"wp:term":[{"taxonomy":"category","embeddable":true,"href":"https:\/\/clases-de.mx\/costarica\/wp-json\/wp\/v2\/categories?post=3"},{"taxonomy":"post_tag","embeddable":true,"href":"https:\/\/clases-de.mx\/costarica\/wp-json\/wp\/v2\/tags?post=3"}],"curies":[{"name":"wp","href":"https:\/\/api.w.org\/{rel}","templated":true}]}}