{"id":593,"date":"2023-09-30T15:05:11","date_gmt":"2023-09-30T13:05:11","guid":{"rendered":"https:\/\/clases-de.mx\/argentina\/?page_id=593"},"modified":"2023-09-30T15:05:11","modified_gmt":"2023-09-30T13:05:11","slug":"terminos-y-condiciones","status":"publish","type":"page","link":"https:\/\/clases-de.mx\/argentina\/terminos-y-condiciones\/","title":{"rendered":"T\u00e9rminos y Condiciones"},"content":{"rendered":"<p>Por favor, antes de usar este servicio te invitamos a leer detenidamente estos T\u00e9rminos y Condiciones<\/p>\n<p>Este presente aviso ayuda a regular el uso del sitio Web <strong>clases-de.mx<\/strong>. El acceso a, el uso del sitio web y sus contenidos atribuye la condici\u00f3n de Usuario, esto implica la aceptaci\u00f3n de todas y cada una de las condiciones que incluyen este T\u00e9rmino Legal. Esto se aplica para todos los visitantes, usuarios y otros que hacen uso de este servicio.<\/p>\n<p>Como se ha mencionado anteriormente, al acceder a este servicio, est\u00e1s aceptando todos los T\u00e9rminos. Si est\u00e1s en desacuerdo con alguna parte del Aviso Legal establecido, evita el uso de los contenidos de esta web.<\/p>\n<p>El usuario tiene que leer atentamente cada vez que vuelva a usar este sitio web, porque las condiciones de uso pueden ser modificadas.<\/p>\n<p>Es importante mencionar que tenemos reservado el derecho a suspender en cualquier instante y sin previo aviso el acceso a este servicio, ya sea por varios motivos o causas. Las causas pueden tener duraci\u00f3n indefinida o temporal.<\/p>\n<p>La informaci\u00f3n que va encontrar en este sitio, los materiales y el contenido son proporcionados \u00fanicamente con fines informativos y educativos.<\/p>\n<h2>Propiedad intelectual e industrial<\/h2>\n<p>La informaci\u00f3n o el contenido que se presenta de este sitio, as\u00ed como el dise\u00f1o gr\u00e1fico, las im\u00e1genes, texto, fotograf\u00edas, logotipos, nombre, c\u00f3digo fuente, y otros materiales, van de la mano con la propiedad intelectual e industrial de <strong>clases-de.mx<\/strong> y de terceros.<\/p>\n<p>Cualquier uso del contenido que no sea expresado como permitido por estos t\u00e9rminos puede violar el derecho de la propiedad intelectual e industrial. Nada del contenido puede ser reproducido, distribuido, copiado, modificado, descargado, presentado o transmitido en ning\u00fan formato o en cualquier medio sin previa autorizaci\u00f3n.<\/p>\n<p>En ning\u00fan momento se va a renunciar, transmitir, ceder la licencia total o parcial de los derechos de propiedad intelectual e industrial por acceso inadecuado y control total del sitio web. Esto sin la previa autorizaci\u00f3n de [nombre proyecto] u otros titulares afectados con los derechos.<\/p>\n<h2>Responsabilidad<\/h2>\n<p>No nos hacemos responsables en dado caso de que el servicio tenga interrupciones o mal funcionamiento, esto puede implicar tambi\u00e9n fallos t\u00e9cnicos, entre otros.<\/p>\n<p>Tambi\u00e9n no nos hacemos cargo de los da\u00f1os directos o indirectos que pueda causar la indisponibilidad de este servicio.<\/p>\n<p>Los sitios enlazados a este servicio no debe suponerse la existencia de un trato o acuerdo entre ambos.<\/p>\n<p>El sitio contiene informaci\u00f3n previamente investigada y analizada por nuestro equipo.<\/p>\n<h2>Cont\u00e1ctanos<\/h2>\n<p>Si tienes alguna pregunta o duda con respecto a este t\u00e9rmino, por favor cont\u00e1ctanos: <span style=\"font-weight: 400;\"><strong>info@clases-de.mx<\/strong><\/span><\/p>\n","protected":false},"excerpt":{"rendered":"<p>Por favor, antes de usar este servicio te invitamos a leer detenidamente estos T\u00e9rminos y Condiciones Este presente aviso ayuda a regular el uso del sitio Web clases-de.mx. El acceso a, el uso del sitio web y sus contenidos atribuye la condici\u00f3n de Usuario, esto implica la aceptaci\u00f3n de todas y cada una de las [&hellip;]<\/p>\n","protected":false},"author":1,"featured_media":0,"parent":0,"menu_order":0,"comment_status":"closed","ping_status":"closed","template":"","meta":{"footnotes":""},"categories":[],"tags":[],"yoast_head":"<!-- This site is optimized with the Yoast SEO plugin v22.6 - https:\/\/yoast.com\/wordpress\/plugins\/seo\/ -->\n<title>T\u00e9rminos y Condiciones - Clases de Info Argentina<\/title>\n<meta name=\"robots\" content=\"index, follow, max-snippet:-1, max-image-preview:large, max-video-preview:-1\" \/>\n<link rel=\"canonical\" href=\"https:\/\/clases-de.mx\/argentina\/terminos-y-condiciones\/\" \/>\n<meta property=\"og:locale\" content=\"es_ES\" \/>\n<meta property=\"og:type\" content=\"article\" \/>\n<meta property=\"og:title\" content=\"T\u00e9rminos y Condiciones - Clases de Info Argentina\" \/>\n<meta property=\"og:description\" content=\"Por favor, antes de usar este servicio te invitamos a leer detenidamente estos T\u00e9rminos y Condiciones Este presente aviso ayuda a regular el uso del sitio Web clases-de.mx. El acceso a, el uso del sitio web y sus contenidos atribuye la condici\u00f3n de Usuario, esto implica la aceptaci\u00f3n de todas y cada una de las [&hellip;]\" \/>\n<meta property=\"og:url\" content=\"https:\/\/clases-de.mx\/argentina\/terminos-y-condiciones\/\" \/>\n<meta property=\"og:site_name\" content=\"Clases de Info Argentina\" \/>\n<meta property=\"og:image\" content=\"https:\/\/clases-de.mx\/argentina\/wp-content\/uploads\/2023\/09\/screenshot.png\" \/>\n\t<meta property=\"og:image:width\" content=\"494\" \/>\n\t<meta property=\"og:image:height\" content=\"322\" \/>\n\t<meta property=\"og:image:type\" content=\"image\/png\" \/>\n<meta name=\"twitter:card\" content=\"summary_large_image\" \/>\n<meta name=\"twitter:label1\" content=\"Tiempo de lectura\" \/>\n\t<meta name=\"twitter:data1\" content=\"2 minutos\" \/>\n<script type=\"application\/ld+json\" class=\"yoast-schema-graph\">{\"@context\":\"https:\/\/schema.org\",\"@graph\":[{\"@type\":\"WebPage\",\"@id\":\"https:\/\/clases-de.mx\/argentina\/terminos-y-condiciones\/\",\"url\":\"https:\/\/clases-de.mx\/argentina\/terminos-y-condiciones\/\",\"name\":\"T\u00e9rminos y Condiciones - Clases de Info Argentina\",\"isPartOf\":{\"@id\":\"https:\/\/clases-de.mx\/argentina\/#website\"},\"datePublished\":\"2023-09-30T13:05:11+00:00\",\"dateModified\":\"2023-09-30T13:05:11+00:00\",\"breadcrumb\":{\"@id\":\"https:\/\/clases-de.mx\/argentina\/terminos-y-condiciones\/#breadcrumb\"},\"inLanguage\":\"es-AR\",\"potentialAction\":[{\"@type\":\"ReadAction\",\"target\":[\"https:\/\/clases-de.mx\/argentina\/terminos-y-condiciones\/\"]}]},{\"@type\":\"BreadcrumbList\",\"@id\":\"https:\/\/clases-de.mx\/argentina\/terminos-y-condiciones\/#breadcrumb\",\"itemListElement\":[{\"@type\":\"ListItem\",\"position\":1,\"name\":\"Portada\",\"item\":\"https:\/\/clases-de.mx\/argentina\/\"},{\"@type\":\"ListItem\",\"position\":2,\"name\":\"T\u00e9rminos y Condiciones\"}]},{\"@type\":\"WebSite\",\"@id\":\"https:\/\/clases-de.mx\/argentina\/#website\",\"url\":\"https:\/\/clases-de.mx\/argentina\/\",\"name\":\"Clases de Info en Argentina\",\"description\":\"Conoce los mejores negocios y servicios locales. Un c\u00f3modo direcctorio que seleccionamos para ti\",\"publisher\":{\"@id\":\"https:\/\/clases-de.mx\/argentina\/#\/schema\/person\/5d512a4f1da6faed14eb5b22c0798f66\"},\"potentialAction\":[{\"@type\":\"SearchAction\",\"target\":{\"@type\":\"EntryPoint\",\"urlTemplate\":\"https:\/\/clases-de.mx\/argentina\/?s={search_term_string}\"},\"query-input\":\"required name=search_term_string\"}],\"inLanguage\":\"es-AR\"},{\"@type\":[\"Person\",\"Organization\"],\"@id\":\"https:\/\/clases-de.mx\/argentina\/#\/schema\/person\/5d512a4f1da6faed14eb5b22c0798f66\",\"name\":\"campuserovirtual\",\"image\":{\"@type\":\"ImageObject\",\"inLanguage\":\"es-AR\",\"@id\":\"https:\/\/clases-de.mx\/argentina\/#\/schema\/person\/image\/\",\"url\":\"https:\/\/clases-de.mx\/argentina\/wp-content\/uploads\/2023\/09\/screenshot.png\",\"contentUrl\":\"https:\/\/clases-de.mx\/argentina\/wp-content\/uploads\/2023\/09\/screenshot.png\",\"width\":494,\"height\":322,\"caption\":\"campuserovirtual\"},\"logo\":{\"@id\":\"https:\/\/clases-de.mx\/argentina\/#\/schema\/person\/image\/\"},\"sameAs\":[\"https:\/\/clases-de.mx\/argentina\"]}]}<\/script>\n<!-- \/ Yoast SEO plugin. -->","yoast_head_json":{"title":"T\u00e9rminos y Condiciones - Clases de Info Argentina","robots":{"index":"index","follow":"follow","max-snippet":"max-snippet:-1","max-image-preview":"max-image-preview:large","max-video-preview":"max-video-preview:-1"},"canonical":"https:\/\/clases-de.mx\/argentina\/terminos-y-condiciones\/","og_locale":"es_ES","og_type":"article","og_title":"T\u00e9rminos y Condiciones - Clases de Info Argentina","og_description":"Por favor, antes de usar este servicio te invitamos a leer detenidamente estos T\u00e9rminos y Condiciones Este presente aviso ayuda a regular el uso del sitio Web clases-de.mx. El acceso a, el uso del sitio web y sus contenidos atribuye la condici\u00f3n de Usuario, esto implica la aceptaci\u00f3n de todas y cada una de las [&hellip;]","og_url":"https:\/\/clases-de.mx\/argentina\/terminos-y-condiciones\/","og_site_name":"Clases de Info Argentina","og_image":[{"width":494,"height":322,"url":"https:\/\/clases-de.mx\/argentina\/wp-content\/uploads\/2023\/09\/screenshot.png","type":"image\/png"}],"twitter_card":"summary_large_image","twitter_misc":{"Tiempo de lectura":"2 minutos"},"schema":{"@context":"https:\/\/schema.org","@graph":[{"@type":"WebPage","@id":"https:\/\/clases-de.mx\/argentina\/terminos-y-condiciones\/","url":"https:\/\/clases-de.mx\/argentina\/terminos-y-condiciones\/","name":"T\u00e9rminos y Condiciones - Clases de Info Argentina","isPartOf":{"@id":"https:\/\/clases-de.mx\/argentina\/#website"},"datePublished":"2023-09-30T13:05:11+00:00","dateModified":"2023-09-30T13:05:11+00:00","breadcrumb":{"@id":"https:\/\/clases-de.mx\/argentina\/terminos-y-condiciones\/#breadcrumb"},"inLanguage":"es-AR","potentialAction":[{"@type":"ReadAction","target":["https:\/\/clases-de.mx\/argentina\/terminos-y-condiciones\/"]}]},{"@type":"BreadcrumbList","@id":"https:\/\/clases-de.mx\/argentina\/terminos-y-condiciones\/#breadcrumb","itemListElement":[{"@type":"ListItem","position":1,"name":"Portada","item":"https:\/\/clases-de.mx\/argentina\/"},{"@type":"ListItem","position":2,"name":"T\u00e9rminos y Condiciones"}]},{"@type":"WebSite","@id":"https:\/\/clases-de.mx\/argentina\/#website","url":"https:\/\/clases-de.mx\/argentina\/","name":"Clases de Info en Argentina","description":"Conoce los mejores negocios y servicios locales. Un c\u00f3modo direcctorio que seleccionamos para ti","publisher":{"@id":"https:\/\/clases-de.mx\/argentina\/#\/schema\/person\/5d512a4f1da6faed14eb5b22c0798f66"},"potentialAction":[{"@type":"SearchAction","target":{"@type":"EntryPoint","urlTemplate":"https:\/\/clases-de.mx\/argentina\/?s={search_term_string}"},"query-input":"required name=search_term_string"}],"inLanguage":"es-AR"},{"@type":["Person","Organization"],"@id":"https:\/\/clases-de.mx\/argentina\/#\/schema\/person\/5d512a4f1da6faed14eb5b22c0798f66","name":"campuserovirtual","image":{"@type":"ImageObject","inLanguage":"es-AR","@id":"https:\/\/clases-de.mx\/argentina\/#\/schema\/person\/image\/","url":"https:\/\/clases-de.mx\/argentina\/wp-content\/uploads\/2023\/09\/screenshot.png","contentUrl":"https:\/\/clases-de.mx\/argentina\/wp-content\/uploads\/2023\/09\/screenshot.png","width":494,"height":322,"caption":"campuserovirtual"},"logo":{"@id":"https:\/\/clases-de.mx\/argentina\/#\/schema\/person\/image\/"},"sameAs":["https:\/\/clases-de.mx\/argentina"]}]}},"_links":{"self":[{"href":"https:\/\/clases-de.mx\/argentina\/wp-json\/wp\/v2\/pages\/593"}],"collection":[{"href":"https:\/\/clases-de.mx\/argentina\/wp-json\/wp\/v2\/pages"}],"about":[{"href":"https:\/\/clases-de.mx\/argentina\/wp-json\/wp\/v2\/types\/page"}],"author":[{"embeddable":true,"href":"https:\/\/clases-de.mx\/argentina\/wp-json\/wp\/v2\/users\/1"}],"replies":[{"embeddable":true,"href":"https:\/\/clases-de.mx\/argentina\/wp-json\/wp\/v2\/comments?post=593"}],"version-history":[{"count":1,"href":"https:\/\/clases-de.mx\/argentina\/wp-json\/wp\/v2\/pages\/593\/revisions"}],"predecessor-version":[{"id":594,"href":"https:\/\/clases-de.mx\/argentina\/wp-json\/wp\/v2\/pages\/593\/revisions\/594"}],"wp:attachment":[{"href":"https:\/\/clases-de.mx\/argentina\/wp-json\/wp\/v2\/media?parent=593"}],"wp:term":[{"taxonomy":"category","embeddable":true,"href":"https:\/\/clases-de.mx\/argentina\/wp-json\/wp\/v2\/categories?post=593"},{"taxonomy":"post_tag","embeddable":true,"href":"https:\/\/clases-de.mx\/argentina\/wp-json\/wp\/v2\/tags?post=593"}],"curies":[{"name":"wp","href":"https:\/\/api.w.org\/{rel}","templated":true}]}}